{"id":2910,"date":"2024-02-22T15:30:45","date_gmt":"2024-02-22T15:30:45","guid":{"rendered":"https:\/\/staging.bjorkoarholma.se\/?page_id=2910"},"modified":"2025-07-30T14:34:13","modified_gmt":"2025-07-30T14:34:13","slug":"evenemang-2","status":"publish","type":"page","link":"https:\/\/bjorkoarholma.se\/?page_id=2910","title":{"rendered":"\u00c5terkommande evenemang"},"content":{"rendered":"\n<h6 class=\"wp-block-heading has-medium-font-size\">P\u00e5 underliggande sidor finner du information om \u00e5terkommande evenemang  som brukar genomf\u00f6ras varje \u00e5r. H\u00e4r f\u00e5r du en uppfattning om vad evenemanget kan bjuda p\u00e5. I evenemangskalendern finner du information om de aktuella aktiviteterna<\/h6>\n\n\n\n<figure class=\"wp-block-image size-large\"><img fetchpriority=\"high\" decoding=\"async\" width=\"1024\" height=\"684\" src=\"https:\/\/bjorkoarholma.se\/wp-content\/uploads\/2024\/02\/Strovtag-6-1024x684.jpg\" alt=\"\" class=\"wp-image-2917\" srcset=\"https:\/\/bjorkoarholma.se\/wp-content\/uploads\/2024\/02\/Strovtag-6-1024x684.jpg 1024w, https:\/\/bjorkoarholma.se\/wp-content\/uploads\/2024\/02\/Strovtag-6-300x200.jpg 300w, https:\/\/bjorkoarholma.se\/wp-content\/uploads\/2024\/02\/Strovtag-6-768x513.jpg 768w, https:\/\/bjorkoarholma.se\/wp-content\/uploads\/2024\/02\/Strovtag-6-1536x1025.jpg 1536w, https:\/\/bjorkoarholma.se\/wp-content\/uploads\/2024\/02\/Strovtag-6-640x427.jpg 640w, https:\/\/bjorkoarholma.se\/wp-content\/uploads\/2024\/02\/Strovtag-6.jpg 1600w\" sizes=\"(max-width: 1024px) 100vw, 1024px\" \/><\/figure>\n","protected":false},"excerpt":{"rendered":"<p>P\u00e5 underliggande sidor finner du information om \u00e5terkommande evenemang som brukar genomf\u00f6ras varje \u00e5r. H\u00e4r f\u00e5r du en uppfattning om vad evenemanget kan bjuda p\u00e5. I evenemangskalendern finner du information om de aktuella aktiviteterna<\/p>\n","protected":false},"author":5,"featured_media":0,"parent":0,"menu_order":0,"comment_status":"closed","ping_status":"closed","template":"","meta":{"_monsterinsights_skip_tracking":false,"_monsterinsights_sitenote_active":false,"_monsterinsights_sitenote_note":"","_monsterinsights_sitenote_category":0,"footnotes":""},"class_list":["post-2910","page","type-page","status-publish","hentry"],"aioseo_notices":[],"_links":{"self":[{"href":"https:\/\/bjorkoarholma.se\/index.php?rest_route=\/wp\/v2\/pages\/2910","targetHints":{"allow":["GET"]}}],"collection":[{"href":"https:\/\/bjorkoarholma.se\/index.php?rest_route=\/wp\/v2\/pages"}],"about":[{"href":"https:\/\/bjorkoarholma.se\/index.php?rest_route=\/wp\/v2\/types\/page"}],"author":[{"embeddable":true,"href":"https:\/\/bjorkoarholma.se\/index.php?rest_route=\/wp\/v2\/users\/5"}],"replies":[{"embeddable":true,"href":"https:\/\/bjorkoarholma.se\/index.php?rest_route=%2Fwp%2Fv2%2Fcomments&post=2910"}],"version-history":[{"count":7,"href":"https:\/\/bjorkoarholma.se\/index.php?rest_route=\/wp\/v2\/pages\/2910\/revisions"}],"predecessor-version":[{"id":4428,"href":"https:\/\/bjorkoarholma.se\/index.php?rest_route=\/wp\/v2\/pages\/2910\/revisions\/4428"}],"wp:attachment":[{"href":"https:\/\/bjorkoarholma.se\/index.php?rest_route=%2Fwp%2Fv2%2Fmedia&parent=2910"}],"curies":[{"name":"wp","href":"https:\/\/api.w.org\/{rel}","templated":true}]}}