{"id":2431,"date":"2024-02-08T12:24:06","date_gmt":"2024-02-08T12:24:06","guid":{"rendered":"https:\/\/staging.bjorkoarholma.se\/?page_id=2431"},"modified":"2024-02-25T22:16:40","modified_gmt":"2024-02-25T22:16:40","slug":"hyr-var-lagenhet","status":"publish","type":"page","link":"https:\/\/bjorkoarholma.se\/?page_id=2431","title":{"rendered":"Hyr v\u00e5r l\u00e4genhet"},"content":{"rendered":"\n<p>I hembygdsg\u00e5rden finns ocks\u00e5 en nyrenoverad l\u00e4genhet som vi hyr ut f\u00f6r kortare eller l\u00e4ngre perioder. Vi har valt att l\u00e4gga ut information om l\u00e4genheten p\u00e5 Stugknuten. Genom att klicka p\u00e5 l\u00e4nken nedan hittar du mer information. <\/p>\n\n\n\n<p><a href=\"https:\/\/www.stugknuten.com\/sv\/stuga\/36591\"><strong>L\u00e4nk till beskrivning p\u00e5 Stugknuten<\/strong><\/a><\/p>\n\n\n\n<figure class=\"wp-block-image size-large\"><img fetchpriority=\"high\" decoding=\"async\" width=\"1024\" height=\"683\" src=\"https:\/\/bjorkoarholma.se\/wp-content\/uploads\/2024\/02\/Lagenhet-1-1024x683.jpg\" alt=\"\" class=\"wp-image-2791\" srcset=\"https:\/\/bjorkoarholma.se\/wp-content\/uploads\/2024\/02\/Lagenhet-1-1024x683.jpg 1024w, https:\/\/bjorkoarholma.se\/wp-content\/uploads\/2024\/02\/Lagenhet-1-300x200.jpg 300w, https:\/\/bjorkoarholma.se\/wp-content\/uploads\/2024\/02\/Lagenhet-1-768x512.jpg 768w, https:\/\/bjorkoarholma.se\/wp-content\/uploads\/2024\/02\/Lagenhet-1-1536x1024.jpg 1536w, https:\/\/bjorkoarholma.se\/wp-content\/uploads\/2024\/02\/Lagenhet-1-640x427.jpg 640w, https:\/\/bjorkoarholma.se\/wp-content\/uploads\/2024\/02\/Lagenhet-1.jpg 1600w\" sizes=\"(max-width: 1024px) 100vw, 1024px\" \/><\/figure>\n\n\n\n<figure class=\"wp-block-gallery has-nested-images columns-default is-cropped wp-block-gallery-1 is-layout-flex wp-block-gallery-is-layout-flex\">\n<figure class=\"wp-block-image size-large\"><img decoding=\"async\" width=\"1024\" height=\"683\" data-id=\"2797\" src=\"https:\/\/bjorkoarholma.se\/wp-content\/uploads\/2024\/02\/Lagenhet-2-1024x683.jpg\" alt=\"\" class=\"wp-image-2797\" srcset=\"https:\/\/bjorkoarholma.se\/wp-content\/uploads\/2024\/02\/Lagenhet-2-1024x683.jpg 1024w, https:\/\/bjorkoarholma.se\/wp-content\/uploads\/2024\/02\/Lagenhet-2-300x200.jpg 300w, https:\/\/bjorkoarholma.se\/wp-content\/uploads\/2024\/02\/Lagenhet-2-768x512.jpg 768w, https:\/\/bjorkoarholma.se\/wp-content\/uploads\/2024\/02\/Lagenhet-2-1536x1024.jpg 1536w, https:\/\/bjorkoarholma.se\/wp-content\/uploads\/2024\/02\/Lagenhet-2-640x427.jpg 640w, https:\/\/bjorkoarholma.se\/wp-content\/uploads\/2024\/02\/Lagenhet-2.jpg 1600w\" sizes=\"(max-width: 1024px) 100vw, 1024px\" \/><\/figure>\n\n\n\n<figure class=\"wp-block-image size-large\"><img decoding=\"async\" width=\"683\" height=\"1024\" data-id=\"2798\" src=\"https:\/\/bjorkoarholma.se\/wp-content\/uploads\/2024\/02\/Lagenhet-3-683x1024.jpg\" alt=\"\" class=\"wp-image-2798\" srcset=\"https:\/\/bjorkoarholma.se\/wp-content\/uploads\/2024\/02\/Lagenhet-3-683x1024.jpg 683w, https:\/\/bjorkoarholma.se\/wp-content\/uploads\/2024\/02\/Lagenhet-3-200x300.jpg 200w, https:\/\/bjorkoarholma.se\/wp-content\/uploads\/2024\/02\/Lagenhet-3-768x1152.jpg 768w, https:\/\/bjorkoarholma.se\/wp-content\/uploads\/2024\/02\/Lagenhet-3-1024x1536.jpg 1024w, https:\/\/bjorkoarholma.se\/wp-content\/uploads\/2024\/02\/Lagenhet-3-1365x2048.jpg 1365w, https:\/\/bjorkoarholma.se\/wp-content\/uploads\/2024\/02\/Lagenhet-3-427x640.jpg 427w, https:\/\/bjorkoarholma.se\/wp-content\/uploads\/2024\/02\/Lagenhet-3.jpg 1600w\" sizes=\"(max-width: 683px) 100vw, 683px\" \/><\/figure>\n\n\n\n<figure class=\"wp-block-image size-large\"><img loading=\"lazy\" decoding=\"async\" width=\"1024\" height=\"683\" data-id=\"2796\" src=\"https:\/\/bjorkoarholma.se\/wp-content\/uploads\/2024\/02\/Lagenhet-5-1-1024x683.jpg\" alt=\"\" class=\"wp-image-2796\" srcset=\"https:\/\/bjorkoarholma.se\/wp-content\/uploads\/2024\/02\/Lagenhet-5-1-1024x683.jpg 1024w, https:\/\/bjorkoarholma.se\/wp-content\/uploads\/2024\/02\/Lagenhet-5-1-300x200.jpg 300w, https:\/\/bjorkoarholma.se\/wp-content\/uploads\/2024\/02\/Lagenhet-5-1-768x512.jpg 768w, https:\/\/bjorkoarholma.se\/wp-content\/uploads\/2024\/02\/Lagenhet-5-1-1536x1024.jpg 1536w, https:\/\/bjorkoarholma.se\/wp-content\/uploads\/2024\/02\/Lagenhet-5-1-640x427.jpg 640w, https:\/\/bjorkoarholma.se\/wp-content\/uploads\/2024\/02\/Lagenhet-5-1.jpg 1600w\" sizes=\"(max-width: 1024px) 100vw, 1024px\" \/><\/figure>\n\n\n\n<figure class=\"wp-block-image size-large\"><img loading=\"lazy\" decoding=\"async\" width=\"1024\" height=\"683\" data-id=\"2795\" src=\"https:\/\/bjorkoarholma.se\/wp-content\/uploads\/2024\/02\/Lagenhet-4-1024x683.jpg\" alt=\"\" class=\"wp-image-2795\" srcset=\"https:\/\/bjorkoarholma.se\/wp-content\/uploads\/2024\/02\/Lagenhet-4-1024x683.jpg 1024w, https:\/\/bjorkoarholma.se\/wp-content\/uploads\/2024\/02\/Lagenhet-4-300x200.jpg 300w, https:\/\/bjorkoarholma.se\/wp-content\/uploads\/2024\/02\/Lagenhet-4-768x512.jpg 768w, https:\/\/bjorkoarholma.se\/wp-content\/uploads\/2024\/02\/Lagenhet-4-1536x1024.jpg 1536w, https:\/\/bjorkoarholma.se\/wp-content\/uploads\/2024\/02\/Lagenhet-4-640x427.jpg 640w, https:\/\/bjorkoarholma.se\/wp-content\/uploads\/2024\/02\/Lagenhet-4.jpg 1600w\" sizes=\"(max-width: 1024px) 100vw, 1024px\" \/><\/figure>\n<\/figure>\n\n\n\n<figure class=\"wp-block-gallery has-nested-images columns-default is-cropped wp-block-gallery-2 is-layout-flex wp-block-gallery-is-layout-flex\">\n<figure class=\"wp-block-image size-large\"><img loading=\"lazy\" decoding=\"async\" width=\"683\" height=\"1024\" data-id=\"2807\" src=\"https:\/\/bjorkoarholma.se\/wp-content\/uploads\/2024\/02\/Lagenhet-8-683x1024.jpg\" alt=\"\" class=\"wp-image-2807\" srcset=\"https:\/\/bjorkoarholma.se\/wp-content\/uploads\/2024\/02\/Lagenhet-8-683x1024.jpg 683w, https:\/\/bjorkoarholma.se\/wp-content\/uploads\/2024\/02\/Lagenhet-8-200x300.jpg 200w, https:\/\/bjorkoarholma.se\/wp-content\/uploads\/2024\/02\/Lagenhet-8-768x1152.jpg 768w, https:\/\/bjorkoarholma.se\/wp-content\/uploads\/2024\/02\/Lagenhet-8-1024x1536.jpg 1024w, https:\/\/bjorkoarholma.se\/wp-content\/uploads\/2024\/02\/Lagenhet-8-1365x2048.jpg 1365w, https:\/\/bjorkoarholma.se\/wp-content\/uploads\/2024\/02\/Lagenhet-8-427x640.jpg 427w, https:\/\/bjorkoarholma.se\/wp-content\/uploads\/2024\/02\/Lagenhet-8.jpg 1600w\" sizes=\"(max-width: 683px) 100vw, 683px\" \/><\/figure>\n\n\n\n<figure class=\"wp-block-image size-large\"><img loading=\"lazy\" decoding=\"async\" width=\"1024\" height=\"683\" data-id=\"2806\" src=\"https:\/\/bjorkoarholma.se\/wp-content\/uploads\/2024\/02\/Lagenhet-9-1024x683.jpg\" alt=\"\" class=\"wp-image-2806\" srcset=\"https:\/\/bjorkoarholma.se\/wp-content\/uploads\/2024\/02\/Lagenhet-9-1024x683.jpg 1024w, https:\/\/bjorkoarholma.se\/wp-content\/uploads\/2024\/02\/Lagenhet-9-300x200.jpg 300w, https:\/\/bjorkoarholma.se\/wp-content\/uploads\/2024\/02\/Lagenhet-9-768x512.jpg 768w, https:\/\/bjorkoarholma.se\/wp-content\/uploads\/2024\/02\/Lagenhet-9-1536x1024.jpg 1536w, https:\/\/bjorkoarholma.se\/wp-content\/uploads\/2024\/02\/Lagenhet-9-640x427.jpg 640w, https:\/\/bjorkoarholma.se\/wp-content\/uploads\/2024\/02\/Lagenhet-9.jpg 1600w\" sizes=\"(max-width: 1024px) 100vw, 1024px\" \/><\/figure>\n\n\n\n<figure class=\"wp-block-image size-large\"><img loading=\"lazy\" decoding=\"async\" width=\"1024\" height=\"683\" data-id=\"2805\" src=\"https:\/\/bjorkoarholma.se\/wp-content\/uploads\/2024\/02\/Lagenhet-6-1-1024x683.jpg\" alt=\"\" class=\"wp-image-2805\" srcset=\"https:\/\/bjorkoarholma.se\/wp-content\/uploads\/2024\/02\/Lagenhet-6-1-1024x683.jpg 1024w, https:\/\/bjorkoarholma.se\/wp-content\/uploads\/2024\/02\/Lagenhet-6-1-300x200.jpg 300w, https:\/\/bjorkoarholma.se\/wp-content\/uploads\/2024\/02\/Lagenhet-6-1-768x512.jpg 768w, https:\/\/bjorkoarholma.se\/wp-content\/uploads\/2024\/02\/Lagenhet-6-1-1536x1024.jpg 1536w, https:\/\/bjorkoarholma.se\/wp-content\/uploads\/2024\/02\/Lagenhet-6-1-640x427.jpg 640w, https:\/\/bjorkoarholma.se\/wp-content\/uploads\/2024\/02\/Lagenhet-6-1.jpg 1600w\" sizes=\"(max-width: 1024px) 100vw, 1024px\" \/><\/figure>\n\n\n\n<figure class=\"wp-block-image size-large\"><img loading=\"lazy\" decoding=\"async\" width=\"683\" height=\"1024\" data-id=\"2803\" src=\"https:\/\/bjorkoarholma.se\/wp-content\/uploads\/2024\/02\/Lagenhet-10-683x1024.jpg\" alt=\"\" class=\"wp-image-2803\" srcset=\"https:\/\/bjorkoarholma.se\/wp-content\/uploads\/2024\/02\/Lagenhet-10-683x1024.jpg 683w, https:\/\/bjorkoarholma.se\/wp-content\/uploads\/2024\/02\/Lagenhet-10-200x300.jpg 200w, https:\/\/bjorkoarholma.se\/wp-content\/uploads\/2024\/02\/Lagenhet-10-768x1152.jpg 768w, https:\/\/bjorkoarholma.se\/wp-content\/uploads\/2024\/02\/Lagenhet-10-1024x1536.jpg 1024w, https:\/\/bjorkoarholma.se\/wp-content\/uploads\/2024\/02\/Lagenhet-10-1365x2048.jpg 1365w, https:\/\/bjorkoarholma.se\/wp-content\/uploads\/2024\/02\/Lagenhet-10-427x640.jpg 427w, https:\/\/bjorkoarholma.se\/wp-content\/uploads\/2024\/02\/Lagenhet-10.jpg 1600w\" sizes=\"(max-width: 683px) 100vw, 683px\" \/><\/figure>\n\n\n\n<figure class=\"wp-block-image size-large\"><img loading=\"lazy\" decoding=\"async\" width=\"683\" height=\"1024\" data-id=\"2808\" src=\"https:\/\/bjorkoarholma.se\/wp-content\/uploads\/2024\/02\/Lagenhet-11-683x1024.jpg\" alt=\"\" class=\"wp-image-2808\" srcset=\"https:\/\/bjorkoarholma.se\/wp-content\/uploads\/2024\/02\/Lagenhet-11-683x1024.jpg 683w, https:\/\/bjorkoarholma.se\/wp-content\/uploads\/2024\/02\/Lagenhet-11-200x300.jpg 200w, https:\/\/bjorkoarholma.se\/wp-content\/uploads\/2024\/02\/Lagenhet-11-768x1152.jpg 768w, https:\/\/bjorkoarholma.se\/wp-content\/uploads\/2024\/02\/Lagenhet-11-1024x1536.jpg 1024w, https:\/\/bjorkoarholma.se\/wp-content\/uploads\/2024\/02\/Lagenhet-11-1365x2048.jpg 1365w, https:\/\/bjorkoarholma.se\/wp-content\/uploads\/2024\/02\/Lagenhet-11-427x640.jpg 427w, https:\/\/bjorkoarholma.se\/wp-content\/uploads\/2024\/02\/Lagenhet-11.jpg 1600w\" sizes=\"(max-width: 683px) 100vw, 683px\" \/><\/figure>\n\n\n\n<figure class=\"wp-block-image size-large is-style-default\"><img loading=\"lazy\" decoding=\"async\" width=\"683\" height=\"1024\" data-id=\"2804\" src=\"https:\/\/bjorkoarholma.se\/wp-content\/uploads\/2024\/02\/Lagenhet-12-683x1024.jpg\" alt=\"\" class=\"wp-image-2804\" srcset=\"https:\/\/bjorkoarholma.se\/wp-content\/uploads\/2024\/02\/Lagenhet-12-683x1024.jpg 683w, https:\/\/bjorkoarholma.se\/wp-content\/uploads\/2024\/02\/Lagenhet-12-200x300.jpg 200w, https:\/\/bjorkoarholma.se\/wp-content\/uploads\/2024\/02\/Lagenhet-12-768x1152.jpg 768w, https:\/\/bjorkoarholma.se\/wp-content\/uploads\/2024\/02\/Lagenhet-12-1024x1536.jpg 1024w, https:\/\/bjorkoarholma.se\/wp-content\/uploads\/2024\/02\/Lagenhet-12-1365x2048.jpg 1365w, https:\/\/bjorkoarholma.se\/wp-content\/uploads\/2024\/02\/Lagenhet-12-427x640.jpg 427w, https:\/\/bjorkoarholma.se\/wp-content\/uploads\/2024\/02\/Lagenhet-12.jpg 1600w\" sizes=\"(max-width: 683px) 100vw, 683px\" \/><\/figure>\n\n\n\n<figure class=\"wp-block-image size-large\"><img loading=\"lazy\" decoding=\"async\" width=\"1024\" height=\"683\" data-id=\"2802\" src=\"https:\/\/bjorkoarholma.se\/wp-content\/uploads\/2024\/02\/Lagenhet-7-1024x683.jpg\" alt=\"\" class=\"wp-image-2802\" srcset=\"https:\/\/bjorkoarholma.se\/wp-content\/uploads\/2024\/02\/Lagenhet-7-1024x683.jpg 1024w, https:\/\/bjorkoarholma.se\/wp-content\/uploads\/2024\/02\/Lagenhet-7-300x200.jpg 300w, https:\/\/bjorkoarholma.se\/wp-content\/uploads\/2024\/02\/Lagenhet-7-768x512.jpg 768w, https:\/\/bjorkoarholma.se\/wp-content\/uploads\/2024\/02\/Lagenhet-7-1536x1024.jpg 1536w, https:\/\/bjorkoarholma.se\/wp-content\/uploads\/2024\/02\/Lagenhet-7-640x427.jpg 640w, https:\/\/bjorkoarholma.se\/wp-content\/uploads\/2024\/02\/Lagenhet-7.jpg 1600w\" sizes=\"(max-width: 1024px) 100vw, 1024px\" \/><\/figure>\n<\/figure>\n","protected":false},"excerpt":{"rendered":"<p>I hembygdsg\u00e5rden finns ocks\u00e5 en nyrenoverad l\u00e4genhet som vi hyr ut f\u00f6r kortare eller l\u00e4ngre perioder. Vi har valt att l\u00e4gga ut information om l\u00e4genheten p\u00e5 Stugknuten. Genom att klicka p\u00e5 l\u00e4nken nedan hittar du mer information. L\u00e4nk till beskrivning p\u00e5 Stugknuten<\/p>\n","protected":false},"author":5,"featured_media":0,"parent":0,"menu_order":0,"comment_status":"closed","ping_status":"closed","template":"","meta":{"_monsterinsights_skip_tracking":false,"_monsterinsights_sitenote_active":false,"_monsterinsights_sitenote_note":"","_monsterinsights_sitenote_category":0,"footnotes":""},"class_list":["post-2431","page","type-page","status-publish","hentry"],"aioseo_notices":[],"_links":{"self":[{"href":"https:\/\/bjorkoarholma.se\/index.php?rest_route=\/wp\/v2\/pages\/2431","targetHints":{"allow":["GET"]}}],"collection":[{"href":"https:\/\/bjorkoarholma.se\/index.php?rest_route=\/wp\/v2\/pages"}],"about":[{"href":"https:\/\/bjorkoarholma.se\/index.php?rest_route=\/wp\/v2\/types\/page"}],"author":[{"embeddable":true,"href":"https:\/\/bjorkoarholma.se\/index.php?rest_route=\/wp\/v2\/users\/5"}],"replies":[{"embeddable":true,"href":"https:\/\/bjorkoarholma.se\/index.php?rest_route=%2Fwp%2Fv2%2Fcomments&post=2431"}],"version-history":[{"count":9,"href":"https:\/\/bjorkoarholma.se\/index.php?rest_route=\/wp\/v2\/pages\/2431\/revisions"}],"predecessor-version":[{"id":3048,"href":"https:\/\/bjorkoarholma.se\/index.php?rest_route=\/wp\/v2\/pages\/2431\/revisions\/3048"}],"wp:attachment":[{"href":"https:\/\/bjorkoarholma.se\/index.php?rest_route=%2Fwp%2Fv2%2Fmedia&parent=2431"}],"curies":[{"name":"wp","href":"https:\/\/api.w.org\/{rel}","templated":true}]}}