{"id":2369,"date":"2024-02-07T21:09:00","date_gmt":"2024-02-07T21:09:00","guid":{"rendered":"https:\/\/staging.bjorkoarholma.se\/?page_id=2369"},"modified":"2025-05-04T22:02:58","modified_gmt":"2025-05-04T22:02:58","slug":"arsmoten","status":"publish","type":"page","link":"https:\/\/bjorkoarholma.se\/?page_id=2369","title":{"rendered":"\u00c5rsm\u00f6ten"},"content":{"rendered":"\n<p class=\"has-medium-font-size\">F\u00f6reningen brukar ha sitt \u00e5rsm\u00f6te under sommaren f\u00f6r att \u00e4ven de medlemmar som \u00e4r sommarg\u00e4ster ska ha m\u00f6jlighet att vara med. P\u00e5 \u00e5rsm\u00f6tet brukar vi&#8230;&#8230;<\/p>\n\n\n\n<p class=\"has-medium-font-size\">P\u00e5 de underliggande sidorna hittar du handlingar fr\u00e5n \u00e5rsm\u00f6tet respektive \u00e5r.<\/p>\n\n\n\n<div class=\"wp-block-group\"><div class=\"wp-block-group__inner-container is-layout-constrained wp-block-group-is-layout-constrained\">\n<div class=\"wp-block-columns is-layout-flex wp-container-core-columns-is-layout-9d6595d7 wp-block-columns-is-layout-flex\">\n<div class=\"wp-block-column is-layout-flow wp-block-column-is-layout-flow\" style=\"flex-basis:100%\">\n<figure class=\"wp-block-gallery has-nested-images columns-default is-cropped wp-block-gallery-1 is-layout-flex wp-block-gallery-is-layout-flex\">\n<figure class=\"wp-block-image size-large is-style-rounded\"><img fetchpriority=\"high\" decoding=\"async\" width=\"1024\" height=\"683\" data-id=\"2700\" src=\"https:\/\/bjorkoarholma.se\/wp-content\/uploads\/2024\/02\/Arsmote-1-1-1024x683.jpg\" alt=\"\" class=\"wp-image-2700\" srcset=\"https:\/\/bjorkoarholma.se\/wp-content\/uploads\/2024\/02\/Arsmote-1-1-1024x683.jpg 1024w, https:\/\/bjorkoarholma.se\/wp-content\/uploads\/2024\/02\/Arsmote-1-1-300x200.jpg 300w, https:\/\/bjorkoarholma.se\/wp-content\/uploads\/2024\/02\/Arsmote-1-1-768x512.jpg 768w, https:\/\/bjorkoarholma.se\/wp-content\/uploads\/2024\/02\/Arsmote-1-1-1536x1024.jpg 1536w, https:\/\/bjorkoarholma.se\/wp-content\/uploads\/2024\/02\/Arsmote-1-1-640x427.jpg 640w, https:\/\/bjorkoarholma.se\/wp-content\/uploads\/2024\/02\/Arsmote-1-1.jpg 1600w\" sizes=\"(max-width: 1024px) 100vw, 1024px\" \/><\/figure>\n\n\n\n<figure class=\"wp-block-image size-large is-style-rounded\"><img decoding=\"async\" width=\"643\" height=\"1024\" data-id=\"2698\" src=\"https:\/\/bjorkoarholma.se\/wp-content\/uploads\/2024\/02\/Arsmote-2-1-643x1024.jpg\" alt=\"\" class=\"wp-image-2698\" srcset=\"https:\/\/bjorkoarholma.se\/wp-content\/uploads\/2024\/02\/Arsmote-2-1-643x1024.jpg 643w, https:\/\/bjorkoarholma.se\/wp-content\/uploads\/2024\/02\/Arsmote-2-1-188x300.jpg 188w, https:\/\/bjorkoarholma.se\/wp-content\/uploads\/2024\/02\/Arsmote-2-1-768x1223.jpg 768w, https:\/\/bjorkoarholma.se\/wp-content\/uploads\/2024\/02\/Arsmote-2-1-965x1536.jpg 965w, https:\/\/bjorkoarholma.se\/wp-content\/uploads\/2024\/02\/Arsmote-2-1-1287x2048.jpg 1287w, https:\/\/bjorkoarholma.se\/wp-content\/uploads\/2024\/02\/Arsmote-2-1-402x640.jpg 402w, https:\/\/bjorkoarholma.se\/wp-content\/uploads\/2024\/02\/Arsmote-2-1.jpg 1600w\" sizes=\"(max-width: 643px) 100vw, 643px\" \/><\/figure>\n\n\n\n<figure class=\"wp-block-image size-large is-style-rounded\"><img decoding=\"async\" width=\"1024\" height=\"683\" data-id=\"2699\" src=\"https:\/\/bjorkoarholma.se\/wp-content\/uploads\/2024\/02\/Arsmote-3-1024x683.jpg\" alt=\"\" class=\"wp-image-2699\" srcset=\"https:\/\/bjorkoarholma.se\/wp-content\/uploads\/2024\/02\/Arsmote-3-1024x683.jpg 1024w, https:\/\/bjorkoarholma.se\/wp-content\/uploads\/2024\/02\/Arsmote-3-300x200.jpg 300w, https:\/\/bjorkoarholma.se\/wp-content\/uploads\/2024\/02\/Arsmote-3-768x512.jpg 768w, https:\/\/bjorkoarholma.se\/wp-content\/uploads\/2024\/02\/Arsmote-3-1536x1024.jpg 1536w, https:\/\/bjorkoarholma.se\/wp-content\/uploads\/2024\/02\/Arsmote-3-640x427.jpg 640w, https:\/\/bjorkoarholma.se\/wp-content\/uploads\/2024\/02\/Arsmote-3.jpg 1600w\" sizes=\"(max-width: 1024px) 100vw, 1024px\" \/><\/figure>\n<\/figure>\n<\/div>\n<\/div>\n<\/div><\/div>\n\n\n\n<p><\/p>\n","protected":false},"excerpt":{"rendered":"<p>F\u00f6reningen brukar ha sitt \u00e5rsm\u00f6te under sommaren f\u00f6r att \u00e4ven de medlemmar som \u00e4r sommarg\u00e4ster ska ha m\u00f6jlighet att vara med. P\u00e5 \u00e5rsm\u00f6tet brukar vi&#8230;&#8230; P\u00e5 de underliggande sidorna hittar du handlingar fr\u00e5n \u00e5rsm\u00f6tet respektive \u00e5r.<\/p>\n","protected":false},"author":5,"featured_media":0,"parent":998,"menu_order":0,"comment_status":"closed","ping_status":"closed","template":"","meta":{"_monsterinsights_skip_tracking":false,"_monsterinsights_sitenote_active":false,"_monsterinsights_sitenote_note":"","_monsterinsights_sitenote_category":0,"footnotes":""},"class_list":["post-2369","page","type-page","status-publish","hentry"],"aioseo_notices":[],"_links":{"self":[{"href":"https:\/\/bjorkoarholma.se\/index.php?rest_route=\/wp\/v2\/pages\/2369","targetHints":{"allow":["GET"]}}],"collection":[{"href":"https:\/\/bjorkoarholma.se\/index.php?rest_route=\/wp\/v2\/pages"}],"about":[{"href":"https:\/\/bjorkoarholma.se\/index.php?rest_route=\/wp\/v2\/types\/page"}],"author":[{"embeddable":true,"href":"https:\/\/bjorkoarholma.se\/index.php?rest_route=\/wp\/v2\/users\/5"}],"replies":[{"embeddable":true,"href":"https:\/\/bjorkoarholma.se\/index.php?rest_route=%2Fwp%2Fv2%2Fcomments&post=2369"}],"version-history":[{"count":5,"href":"https:\/\/bjorkoarholma.se\/index.php?rest_route=\/wp\/v2\/pages\/2369\/revisions"}],"predecessor-version":[{"id":4271,"href":"https:\/\/bjorkoarholma.se\/index.php?rest_route=\/wp\/v2\/pages\/2369\/revisions\/4271"}],"up":[{"embeddable":true,"href":"https:\/\/bjorkoarholma.se\/index.php?rest_route=\/wp\/v2\/pages\/998"}],"wp:attachment":[{"href":"https:\/\/bjorkoarholma.se\/index.php?rest_route=%2Fwp%2Fv2%2Fmedia&parent=2369"}],"curies":[{"name":"wp","href":"https:\/\/api.w.org\/{rel}","templated":true}]}}